{"id":8098,"date":"2023-01-09T16:41:27","date_gmt":"2023-01-09T19:41:27","guid":{"rendered":"http:\/\/patriciavasques.com\/qualiexpert\/wordpress\/?page_id=8098"},"modified":"2025-09-25T09:53:09","modified_gmt":"2025-09-25T12:53:09","slug":"events","status":"publish","type":"page","link":"https:\/\/qualiexpert.com.br\/en\/loja\/eventos\/","title":{"rendered":"Events"},"content":{"rendered":"<h3>Our 2025 calendar is finished!<\/h3>\n<p>In 2026, new workshops for continuous training in Quality Management.<\/p>\n<p>To find out everything first hand, you can sign up for our Community at this<a href=\"https:\/\/qualiexpert.com.br\/en\/comunidade-qualiexpert\/\" target=\"_blank\" rel=\"noopener\"> link!<\/a><\/p>\n<p>It will be a joy to have you with us!<\/p>","protected":false},"excerpt":{"rendered":"<p>Nosso calend\u00e1rio de 2025 est\u00e1 finalizado! Em 2026, novos Workhops para capacita\u00e7\u00e3o cont\u00ednua em Gest\u00e3o da Qualidade. Para saber tudo em primeira m\u00e3o, voc\u00ea pode se cadastrar na nossa Comunidade neste link! Ser\u00e1 uma alegria ter voc\u00ea conosco!<\/p>","protected":false},"author":1,"featured_media":0,"parent":7803,"menu_order":0,"comment_status":"closed","ping_status":"closed","template":"","meta":{"inline_featured_image":false,"footnotes":""},"class_list":["post-8098","page","type-page","status-publish","hentry"],"yoast_head":"<!-- This site is optimized with the Yoast SEO plugin v27.3 - https:\/\/yoast.com\/product\/yoast-seo-wordpress\/ -->\n<title>Workshop Qualiexpert - Veja nosso calend\u00e1rio 2024<\/title>\n<meta name=\"description\" content=\"Vamos juntos construir um Sistema de Gest\u00e3o da Qualidade e da Sustentabilidade eficiente e sem burocracia. Saiba mais e inscreva-se!\" \/>\n<meta name=\"robots\" content=\"index, follow, max-snippet:-1, max-image-preview:large, max-video-preview:-1\" \/>\n<link rel=\"canonical\" href=\"https:\/\/qualiexpert.com.br\/en\/store\/events\/\" \/>\n<meta property=\"og:locale\" content=\"en_US\" \/>\n<meta property=\"og:type\" content=\"article\" \/>\n<meta property=\"og:title\" content=\"Workshop Qualiexpert - Veja nosso calend\u00e1rio 2024\" \/>\n<meta property=\"og:description\" content=\"Vamos juntos construir um Sistema de Gest\u00e3o da Qualidade e da Sustentabilidade eficiente e sem burocracia. Saiba mais e inscreva-se!\" \/>\n<meta property=\"og:url\" content=\"https:\/\/qualiexpert.com.br\/en\/store\/events\/\" \/>\n<meta property=\"og:site_name\" content=\"Qualiexpert\" \/>\n<meta property=\"article:publisher\" content=\"https:\/\/www.facebook.com\/qualiexpertbrasil\" \/>\n<meta property=\"article:modified_time\" content=\"2025-09-25T12:53:09+00:00\" \/>\n<meta name=\"twitter:card\" content=\"summary_large_image\" \/>\n<meta name=\"twitter:label1\" content=\"Est. reading time\" \/>\n\t<meta name=\"twitter:data1\" content=\"1 minute\" \/>\n<script type=\"application\/ld+json\" class=\"yoast-schema-graph\">{\"@context\":\"https:\\\/\\\/schema.org\",\"@graph\":[{\"@type\":\"WebPage\",\"@id\":\"https:\\\/\\\/qualiexpert.com.br\\\/loja\\\/eventos\\\/\",\"url\":\"https:\\\/\\\/qualiexpert.com.br\\\/loja\\\/eventos\\\/\",\"name\":\"Workshop Qualiexpert - Veja nosso calend\u00e1rio 2024\",\"isPartOf\":{\"@id\":\"https:\\\/\\\/qualiexpert.com.br\\\/#website\"},\"datePublished\":\"2023-01-09T19:41:27+00:00\",\"dateModified\":\"2025-09-25T12:53:09+00:00\",\"description\":\"Vamos juntos construir um Sistema de Gest\u00e3o da Qualidade e da Sustentabilidade eficiente e sem burocracia. Saiba mais e inscreva-se!\",\"breadcrumb\":{\"@id\":\"https:\\\/\\\/qualiexpert.com.br\\\/loja\\\/eventos\\\/#breadcrumb\"},\"inLanguage\":\"en-US\",\"potentialAction\":[{\"@type\":\"ReadAction\",\"target\":[\"https:\\\/\\\/qualiexpert.com.br\\\/loja\\\/eventos\\\/\"]}]},{\"@type\":\"BreadcrumbList\",\"@id\":\"https:\\\/\\\/qualiexpert.com.br\\\/loja\\\/eventos\\\/#breadcrumb\",\"itemListElement\":[{\"@type\":\"ListItem\",\"position\":1,\"name\":\"In\u00edcio\",\"item\":\"https:\\\/\\\/qualiexpert.com.br\\\/\"},{\"@type\":\"ListItem\",\"position\":2,\"name\":\"Loja\",\"item\":\"https:\\\/\\\/qualiexpert.com.br\\\/loja\\\/\"},{\"@type\":\"ListItem\",\"position\":3,\"name\":\"Eventos\"}]},{\"@type\":\"WebSite\",\"@id\":\"https:\\\/\\\/qualiexpert.com.br\\\/#website\",\"url\":\"https:\\\/\\\/qualiexpert.com.br\\\/\",\"name\":\"Qualiexpert\",\"description\":\"Consultoria em Gest&atilde;o da Qualidade e Sustentabilidade - Transforme seu Neg&oacute;cio e Impacte sua Comunidade. Clique aqui e Saiba mais!\",\"publisher\":{\"@id\":\"https:\\\/\\\/qualiexpert.com.br\\\/#organization\"},\"alternateName\":\"Qualiexpert\",\"potentialAction\":[{\"@type\":\"SearchAction\",\"target\":{\"@type\":\"EntryPoint\",\"urlTemplate\":\"https:\\\/\\\/qualiexpert.com.br\\\/?s={search_term_string}\"},\"query-input\":{\"@type\":\"PropertyValueSpecification\",\"valueRequired\":true,\"valueName\":\"search_term_string\"}}],\"inLanguage\":\"en-US\"},{\"@type\":\"Organization\",\"@id\":\"https:\\\/\\\/qualiexpert.com.br\\\/#organization\",\"name\":\"Qualiexpert\",\"url\":\"https:\\\/\\\/qualiexpert.com.br\\\/\",\"logo\":{\"@type\":\"ImageObject\",\"inLanguage\":\"en-US\",\"@id\":\"https:\\\/\\\/qualiexpert.com.br\\\/#\\\/schema\\\/logo\\\/image\\\/\",\"url\":\"https:\\\/\\\/qualiexpert.com.br\\\/wp-content\\\/uploads\\\/2022\\\/12\\\/simbolo-cor.svg\",\"contentUrl\":\"https:\\\/\\\/qualiexpert.com.br\\\/wp-content\\\/uploads\\\/2022\\\/12\\\/simbolo-cor.svg\",\"width\":\"1024\",\"height\":\"1024\",\"caption\":\"Qualiexpert\"},\"image\":{\"@id\":\"https:\\\/\\\/qualiexpert.com.br\\\/#\\\/schema\\\/logo\\\/image\\\/\"},\"sameAs\":[\"https:\\\/\\\/www.facebook.com\\\/qualiexpertbrasil\",\"https:\\\/\\\/www.instagram.com\\\/qualiexpertbrasil\",\"https:\\\/\\\/www.linkedin.com\\\/company\\\/qualiexpert\"]}]}<\/script>\n<!-- \/ Yoast SEO plugin. -->","yoast_head_json":{"title":"Qualiexpert Workshop - See our 2024 calendar","description":"Let's work together to build an efficient and unbureaucratic Quality and Sustainability Management System. Find out more and sign up!","robots":{"index":"index","follow":"follow","max-snippet":"max-snippet:-1","max-image-preview":"max-image-preview:large","max-video-preview":"max-video-preview:-1"},"canonical":"https:\/\/qualiexpert.com.br\/en\/store\/events\/","og_locale":"en_US","og_type":"article","og_title":"Workshop Qualiexpert - Veja nosso calend\u00e1rio 2024","og_description":"Vamos juntos construir um Sistema de Gest\u00e3o da Qualidade e da Sustentabilidade eficiente e sem burocracia. Saiba mais e inscreva-se!","og_url":"https:\/\/qualiexpert.com.br\/en\/store\/events\/","og_site_name":"Qualiexpert","article_publisher":"https:\/\/www.facebook.com\/qualiexpertbrasil","article_modified_time":"2025-09-25T12:53:09+00:00","twitter_card":"summary_large_image","twitter_misc":{"Est. reading time":"1 minute"},"schema":{"@context":"https:\/\/schema.org","@graph":[{"@type":"WebPage","@id":"https:\/\/qualiexpert.com.br\/loja\/eventos\/","url":"https:\/\/qualiexpert.com.br\/loja\/eventos\/","name":"Qualiexpert Workshop - See our 2024 calendar","isPartOf":{"@id":"https:\/\/qualiexpert.com.br\/#website"},"datePublished":"2023-01-09T19:41:27+00:00","dateModified":"2025-09-25T12:53:09+00:00","description":"Let's work together to build an efficient and unbureaucratic Quality and Sustainability Management System. Find out more and sign up!","breadcrumb":{"@id":"https:\/\/qualiexpert.com.br\/loja\/eventos\/#breadcrumb"},"inLanguage":"en-US","potentialAction":[{"@type":"ReadAction","target":["https:\/\/qualiexpert.com.br\/loja\/eventos\/"]}]},{"@type":"BreadcrumbList","@id":"https:\/\/qualiexpert.com.br\/loja\/eventos\/#breadcrumb","itemListElement":[{"@type":"ListItem","position":1,"name":"In\u00edcio","item":"https:\/\/qualiexpert.com.br\/"},{"@type":"ListItem","position":2,"name":"Loja","item":"https:\/\/qualiexpert.com.br\/loja\/"},{"@type":"ListItem","position":3,"name":"Eventos"}]},{"@type":"WebSite","@id":"https:\/\/qualiexpert.com.br\/#website","url":"https:\/\/qualiexpert.com.br\/","name":"Qualiexpert","description":"Quality Management and Sustainability Consulting - Transform your Business and Impact your Community. Click here to find out more!","publisher":{"@id":"https:\/\/qualiexpert.com.br\/#organization"},"alternateName":"Qualiexpert","potentialAction":[{"@type":"SearchAction","target":{"@type":"EntryPoint","urlTemplate":"https:\/\/qualiexpert.com.br\/?s={search_term_string}"},"query-input":{"@type":"PropertyValueSpecification","valueRequired":true,"valueName":"search_term_string"}}],"inLanguage":"en-US"},{"@type":"Organization","@id":"https:\/\/qualiexpert.com.br\/#organization","name":"Qualiexpert","url":"https:\/\/qualiexpert.com.br\/","logo":{"@type":"ImageObject","inLanguage":"en-US","@id":"https:\/\/qualiexpert.com.br\/#\/schema\/logo\/image\/","url":"https:\/\/qualiexpert.com.br\/wp-content\/uploads\/2022\/12\/simbolo-cor.svg","contentUrl":"https:\/\/qualiexpert.com.br\/wp-content\/uploads\/2022\/12\/simbolo-cor.svg","width":"1024","height":"1024","caption":"Qualiexpert"},"image":{"@id":"https:\/\/qualiexpert.com.br\/#\/schema\/logo\/image\/"},"sameAs":["https:\/\/www.facebook.com\/qualiexpertbrasil","https:\/\/www.instagram.com\/qualiexpertbrasil","https:\/\/www.linkedin.com\/company\/qualiexpert"]}]}},"_links":{"self":[{"href":"https:\/\/qualiexpert.com.br\/en\/wp-json\/wp\/v2\/pages\/8098","targetHints":{"allow":["GET"]}}],"collection":[{"href":"https:\/\/qualiexpert.com.br\/en\/wp-json\/wp\/v2\/pages"}],"about":[{"href":"https:\/\/qualiexpert.com.br\/en\/wp-json\/wp\/v2\/types\/page"}],"author":[{"embeddable":true,"href":"https:\/\/qualiexpert.com.br\/en\/wp-json\/wp\/v2\/users\/1"}],"replies":[{"embeddable":true,"href":"https:\/\/qualiexpert.com.br\/en\/wp-json\/wp\/v2\/comments?post=8098"}],"version-history":[{"count":67,"href":"https:\/\/qualiexpert.com.br\/en\/wp-json\/wp\/v2\/pages\/8098\/revisions"}],"predecessor-version":[{"id":10390,"href":"https:\/\/qualiexpert.com.br\/en\/wp-json\/wp\/v2\/pages\/8098\/revisions\/10390"}],"up":[{"embeddable":true,"href":"https:\/\/qualiexpert.com.br\/en\/wp-json\/wp\/v2\/pages\/7803"}],"wp:attachment":[{"href":"https:\/\/qualiexpert.com.br\/en\/wp-json\/wp\/v2\/media?parent=8098"}],"curies":[{"name":"wp","href":"https:\/\/api.w.org\/{rel}","templated":true}]}}