{"id":7797,"date":"2024-02-27T07:00:27","date_gmt":"2024-02-27T10:00:27","guid":{"rendered":"http:\/\/localhost\/Projetos\/Refinaria\/qualiexpert\/wordpress\/?page_id=7797"},"modified":"2026-01-24T20:04:05","modified_gmt":"2026-01-24T23:04:05","slug":"who-we-are","status":"publish","type":"page","link":"https:\/\/qualiexpert.com.br\/en\/quem-somos\/","title":{"rendered":"Who we are"},"content":{"rendered":"<h3>Learn more about <strong>Qualiexpert<\/strong><\/h3>\n<p data-start=\"908\" data-end=\"1066\">Qualiexpert acts when organizations need to structure decisions with criteria and responsibility in Quality and Sustainability.<\/p>\n<p data-start=\"1068\" data-end=\"1339\">Founded in 2019 by Production Engineer M.Sc. Patricia Vasques, Qualiexpert integrates Quality Management, processes and Sustainability to transform technical requirements into functional governance, capable of sustaining operational and strategic decisions, with an unwavering dedication and focus on the success of each client.<\/p>\n<p data-start=\"1341\" data-end=\"1374\">We are usually called when:<\/p>\n<ul>\n<li data-start=\"1377\" data-end=\"1450\">audits, customers or regulatory requirements put pressure on the organization;<\/li>\n<li data-start=\"1453\" data-end=\"1509\">systems are in place, but they don't provide the clarity to decide;<\/li>\n<li data-start=\"1512\" data-end=\"1579\">it is necessary to integrate Quality and Environment, Health and Safety with Sustainability without duplicating structures;<\/li>\n<li data-start=\"1582\" data-end=\"1648\">leadership seeks predictability, traceability and consistency.<\/li>\n<\/ul>\n<p data-start=\"1650\" data-end=\"1836\">In practice, we structure processes, indicators, routines and reports as management tools, connecting day-to-day operations to leadership decisions.<\/p>\n<p data-start=\"1838\" data-end=\"2036\">We grow based on technical depth, proximity and trust. We work in a careful and personalized way, respecting the context of each organization and the level of maturity of its managers.<\/p>\n<blockquote><p><strong><a href=\"https:\/\/qualiexpert.com.br\/en\/ourdifferentials\/\" target=\"_blank\" rel=\"noopener\">Get to know all our differentials.<\/a><\/strong><\/p>\n<p><strong><a href=\"https:\/\/qualiexpert.com.br\/en\/depoimentosdeclientes\/\" target=\"_blank\" rel=\"noopener\">See our clients' testimonials here\u00a0<\/a><\/strong><\/p>\n<p><a href=\"https:\/\/qualiexpert.com.br\/en\/documentacao_oficial\/\" target=\"_blank\" rel=\"noopener\"><b>Learn about our Quality and Sustainability Management System<\/b><\/a><\/p><\/blockquote>","protected":false},"excerpt":{"rendered":"<p>Saiba mais sobre a Qualiexpert A Qualiexpert atua quando organiza\u00e7\u00f5es precisam estruturar decis\u00f5es com crit\u00e9rio e responsabilidade em Qualidade e Sustentabilidade. Fundada em 2019 pela Engenheira de Produ\u00e7\u00e3o M.Sc. Patricia Vasques, a Qualiexpert integra Gest\u00e3o da Qualidade, processos e Sustentabilidade para transformar exig\u00eancias t\u00e9cnicas em governan\u00e7a funcional, capaz de sustentar decis\u00f5es operacionais e estrat\u00e9gicas, com [&hellip;]<\/p>\n","protected":false},"author":1,"featured_media":8142,"parent":0,"menu_order":0,"comment_status":"closed","ping_status":"closed","template":"","meta":{"inline_featured_image":false,"footnotes":""},"class_list":["post-7797","page","type-page","status-publish","has-post-thumbnail","hentry"],"yoast_head":"<!-- This site is optimized with the Yoast SEO plugin v27.5 - https:\/\/yoast.com\/product\/yoast-seo-wordpress\/ -->\n<title>Quem somos - Qualiexpert<\/title>\n<meta name=\"description\" content=\"Saiba mais sobre a Qualiexpert, consultoria em Gest\u00e3o da Qualidade e Sustentabilidade, nossos diferenciais, miss\u00e3o e c\u00f3digo de \u00e9tica!\" \/>\n<meta name=\"robots\" content=\"index, follow, max-snippet:-1, max-image-preview:large, max-video-preview:-1\" \/>\n<link rel=\"canonical\" href=\"https:\/\/qualiexpert.com.br\/en\/who-we-are\/\" \/>\n<meta property=\"og:locale\" content=\"en_US\" \/>\n<meta property=\"og:type\" content=\"article\" \/>\n<meta property=\"og:title\" content=\"Quem somos - Qualiexpert\" \/>\n<meta property=\"og:description\" content=\"Saiba mais sobre a Qualiexpert, consultoria em Gest\u00e3o da Qualidade e Sustentabilidade, nossos diferenciais, miss\u00e3o e c\u00f3digo de \u00e9tica!\" \/>\n<meta property=\"og:url\" content=\"https:\/\/qualiexpert.com.br\/en\/who-we-are\/\" \/>\n<meta property=\"og:site_name\" content=\"Qualiexpert\" \/>\n<meta property=\"article:publisher\" content=\"https:\/\/www.facebook.com\/qualiexpertbrasil\" \/>\n<meta property=\"article:modified_time\" content=\"2026-01-24T23:04:05+00:00\" \/>\n<meta property=\"og:image\" content=\"https:\/\/qualiexpert.com.br\/wp-content\/uploads\/2023\/01\/QUALIEXPERT_logotipo_passaro-cor-vert.png\" \/>\n\t<meta property=\"og:image:width\" content=\"1410\" \/>\n\t<meta property=\"og:image:height\" content=\"951\" \/>\n\t<meta property=\"og:image:type\" content=\"image\/png\" \/>\n<meta name=\"twitter:card\" content=\"summary_large_image\" \/>\n<meta name=\"twitter:label1\" content=\"Est. reading time\" \/>\n\t<meta name=\"twitter:data1\" content=\"2 minutes\" \/>\n<script type=\"application\/ld+json\" class=\"yoast-schema-graph\">{\"@context\":\"https:\\\/\\\/schema.org\",\"@graph\":[{\"@type\":\"WebPage\",\"@id\":\"https:\\\/\\\/qualiexpert.com.br\\\/quem-somos\\\/\",\"url\":\"https:\\\/\\\/qualiexpert.com.br\\\/quem-somos\\\/\",\"name\":\"Quem somos - Qualiexpert\",\"isPartOf\":{\"@id\":\"https:\\\/\\\/qualiexpert.com.br\\\/#website\"},\"primaryImageOfPage\":{\"@id\":\"https:\\\/\\\/qualiexpert.com.br\\\/quem-somos\\\/#primaryimage\"},\"image\":{\"@id\":\"https:\\\/\\\/qualiexpert.com.br\\\/quem-somos\\\/#primaryimage\"},\"thumbnailUrl\":\"https:\\\/\\\/qualiexpert.com.br\\\/wp-content\\\/uploads\\\/2023\\\/01\\\/QUALIEXPERT_logotipo_passaro-cor-vert.png\",\"datePublished\":\"2024-02-27T10:00:27+00:00\",\"dateModified\":\"2026-01-24T23:04:05+00:00\",\"description\":\"Saiba mais sobre a Qualiexpert, consultoria em Gest\u00e3o da Qualidade e Sustentabilidade, nossos diferenciais, miss\u00e3o e c\u00f3digo de \u00e9tica!\",\"breadcrumb\":{\"@id\":\"https:\\\/\\\/qualiexpert.com.br\\\/quem-somos\\\/#breadcrumb\"},\"inLanguage\":\"en-US\",\"potentialAction\":[{\"@type\":\"ReadAction\",\"target\":[\"https:\\\/\\\/qualiexpert.com.br\\\/quem-somos\\\/\"]}]},{\"@type\":\"ImageObject\",\"inLanguage\":\"en-US\",\"@id\":\"https:\\\/\\\/qualiexpert.com.br\\\/quem-somos\\\/#primaryimage\",\"url\":\"https:\\\/\\\/qualiexpert.com.br\\\/wp-content\\\/uploads\\\/2023\\\/01\\\/QUALIEXPERT_logotipo_passaro-cor-vert.png\",\"contentUrl\":\"https:\\\/\\\/qualiexpert.com.br\\\/wp-content\\\/uploads\\\/2023\\\/01\\\/QUALIEXPERT_logotipo_passaro-cor-vert.png\",\"width\":1410,\"height\":951},{\"@type\":\"BreadcrumbList\",\"@id\":\"https:\\\/\\\/qualiexpert.com.br\\\/quem-somos\\\/#breadcrumb\",\"itemListElement\":[{\"@type\":\"ListItem\",\"position\":1,\"name\":\"In\u00edcio\",\"item\":\"https:\\\/\\\/qualiexpert.com.br\\\/\"},{\"@type\":\"ListItem\",\"position\":2,\"name\":\"Quem somos\"}]},{\"@type\":\"WebSite\",\"@id\":\"https:\\\/\\\/qualiexpert.com.br\\\/#website\",\"url\":\"https:\\\/\\\/qualiexpert.com.br\\\/\",\"name\":\"Qualiexpert\",\"description\":\"Consultoria em Gest&atilde;o da Qualidade e Sustentabilidade - Transforme seu Neg&oacute;cio e Impacte sua Comunidade. Clique aqui e Saiba mais!\",\"publisher\":{\"@id\":\"https:\\\/\\\/qualiexpert.com.br\\\/#organization\"},\"alternateName\":\"Qualiexpert\",\"potentialAction\":[{\"@type\":\"SearchAction\",\"target\":{\"@type\":\"EntryPoint\",\"urlTemplate\":\"https:\\\/\\\/qualiexpert.com.br\\\/?s={search_term_string}\"},\"query-input\":{\"@type\":\"PropertyValueSpecification\",\"valueRequired\":true,\"valueName\":\"search_term_string\"}}],\"inLanguage\":\"en-US\"},{\"@type\":\"Organization\",\"@id\":\"https:\\\/\\\/qualiexpert.com.br\\\/#organization\",\"name\":\"Qualiexpert\",\"url\":\"https:\\\/\\\/qualiexpert.com.br\\\/\",\"logo\":{\"@type\":\"ImageObject\",\"inLanguage\":\"en-US\",\"@id\":\"https:\\\/\\\/qualiexpert.com.br\\\/#\\\/schema\\\/logo\\\/image\\\/\",\"url\":\"https:\\\/\\\/qualiexpert.com.br\\\/wp-content\\\/uploads\\\/2022\\\/12\\\/simbolo-cor.svg\",\"contentUrl\":\"https:\\\/\\\/qualiexpert.com.br\\\/wp-content\\\/uploads\\\/2022\\\/12\\\/simbolo-cor.svg\",\"width\":\"1024\",\"height\":\"1024\",\"caption\":\"Qualiexpert\"},\"image\":{\"@id\":\"https:\\\/\\\/qualiexpert.com.br\\\/#\\\/schema\\\/logo\\\/image\\\/\"},\"sameAs\":[\"https:\\\/\\\/www.facebook.com\\\/qualiexpertbrasil\",\"https:\\\/\\\/www.instagram.com\\\/qualiexpertbrasil\",\"https:\\\/\\\/www.linkedin.com\\\/company\\\/qualiexpert\"]}]}<\/script>\n<!-- \/ Yoast SEO plugin. -->","yoast_head_json":{"title":"Who we are - Qualiexpert","description":"Find out more about Qualiexpert, a Quality Management and Sustainability consultancy, our differentials, mission and code of ethics!","robots":{"index":"index","follow":"follow","max-snippet":"max-snippet:-1","max-image-preview":"max-image-preview:large","max-video-preview":"max-video-preview:-1"},"canonical":"https:\/\/qualiexpert.com.br\/en\/who-we-are\/","og_locale":"en_US","og_type":"article","og_title":"Quem somos - Qualiexpert","og_description":"Saiba mais sobre a Qualiexpert, consultoria em Gest\u00e3o da Qualidade e Sustentabilidade, nossos diferenciais, miss\u00e3o e c\u00f3digo de \u00e9tica!","og_url":"https:\/\/qualiexpert.com.br\/en\/who-we-are\/","og_site_name":"Qualiexpert","article_publisher":"https:\/\/www.facebook.com\/qualiexpertbrasil","article_modified_time":"2026-01-24T23:04:05+00:00","og_image":[{"width":1410,"height":951,"url":"https:\/\/qualiexpert.com.br\/wp-content\/uploads\/2023\/01\/QUALIEXPERT_logotipo_passaro-cor-vert.png","type":"image\/png"}],"twitter_card":"summary_large_image","twitter_misc":{"Est. reading time":"2 minutes"},"schema":{"@context":"https:\/\/schema.org","@graph":[{"@type":"WebPage","@id":"https:\/\/qualiexpert.com.br\/quem-somos\/","url":"https:\/\/qualiexpert.com.br\/quem-somos\/","name":"Who we are - Qualiexpert","isPartOf":{"@id":"https:\/\/qualiexpert.com.br\/#website"},"primaryImageOfPage":{"@id":"https:\/\/qualiexpert.com.br\/quem-somos\/#primaryimage"},"image":{"@id":"https:\/\/qualiexpert.com.br\/quem-somos\/#primaryimage"},"thumbnailUrl":"https:\/\/qualiexpert.com.br\/wp-content\/uploads\/2023\/01\/QUALIEXPERT_logotipo_passaro-cor-vert.png","datePublished":"2024-02-27T10:00:27+00:00","dateModified":"2026-01-24T23:04:05+00:00","description":"Find out more about Qualiexpert, a Quality Management and Sustainability consultancy, our differentials, mission and code of ethics!","breadcrumb":{"@id":"https:\/\/qualiexpert.com.br\/quem-somos\/#breadcrumb"},"inLanguage":"en-US","potentialAction":[{"@type":"ReadAction","target":["https:\/\/qualiexpert.com.br\/quem-somos\/"]}]},{"@type":"ImageObject","inLanguage":"en-US","@id":"https:\/\/qualiexpert.com.br\/quem-somos\/#primaryimage","url":"https:\/\/qualiexpert.com.br\/wp-content\/uploads\/2023\/01\/QUALIEXPERT_logotipo_passaro-cor-vert.png","contentUrl":"https:\/\/qualiexpert.com.br\/wp-content\/uploads\/2023\/01\/QUALIEXPERT_logotipo_passaro-cor-vert.png","width":1410,"height":951},{"@type":"BreadcrumbList","@id":"https:\/\/qualiexpert.com.br\/quem-somos\/#breadcrumb","itemListElement":[{"@type":"ListItem","position":1,"name":"In\u00edcio","item":"https:\/\/qualiexpert.com.br\/"},{"@type":"ListItem","position":2,"name":"Quem somos"}]},{"@type":"WebSite","@id":"https:\/\/qualiexpert.com.br\/#website","url":"https:\/\/qualiexpert.com.br\/","name":"Qualiexpert","description":"Quality Management and Sustainability Consulting - Transform your Business and Impact your Community. Click here to find out more!","publisher":{"@id":"https:\/\/qualiexpert.com.br\/#organization"},"alternateName":"Qualiexpert","potentialAction":[{"@type":"SearchAction","target":{"@type":"EntryPoint","urlTemplate":"https:\/\/qualiexpert.com.br\/?s={search_term_string}"},"query-input":{"@type":"PropertyValueSpecification","valueRequired":true,"valueName":"search_term_string"}}],"inLanguage":"en-US"},{"@type":"Organization","@id":"https:\/\/qualiexpert.com.br\/#organization","name":"Qualiexpert","url":"https:\/\/qualiexpert.com.br\/","logo":{"@type":"ImageObject","inLanguage":"en-US","@id":"https:\/\/qualiexpert.com.br\/#\/schema\/logo\/image\/","url":"https:\/\/qualiexpert.com.br\/wp-content\/uploads\/2022\/12\/simbolo-cor.svg","contentUrl":"https:\/\/qualiexpert.com.br\/wp-content\/uploads\/2022\/12\/simbolo-cor.svg","width":"1024","height":"1024","caption":"Qualiexpert"},"image":{"@id":"https:\/\/qualiexpert.com.br\/#\/schema\/logo\/image\/"},"sameAs":["https:\/\/www.facebook.com\/qualiexpertbrasil","https:\/\/www.instagram.com\/qualiexpertbrasil","https:\/\/www.linkedin.com\/company\/qualiexpert"]}]}},"_links":{"self":[{"href":"https:\/\/qualiexpert.com.br\/en\/wp-json\/wp\/v2\/pages\/7797","targetHints":{"allow":["GET"]}}],"collection":[{"href":"https:\/\/qualiexpert.com.br\/en\/wp-json\/wp\/v2\/pages"}],"about":[{"href":"https:\/\/qualiexpert.com.br\/en\/wp-json\/wp\/v2\/types\/page"}],"author":[{"embeddable":true,"href":"https:\/\/qualiexpert.com.br\/en\/wp-json\/wp\/v2\/users\/1"}],"replies":[{"embeddable":true,"href":"https:\/\/qualiexpert.com.br\/en\/wp-json\/wp\/v2\/comments?post=7797"}],"version-history":[{"count":65,"href":"https:\/\/qualiexpert.com.br\/en\/wp-json\/wp\/v2\/pages\/7797\/revisions"}],"predecessor-version":[{"id":10533,"href":"https:\/\/qualiexpert.com.br\/en\/wp-json\/wp\/v2\/pages\/7797\/revisions\/10533"}],"wp:featuredmedia":[{"embeddable":true,"href":"https:\/\/qualiexpert.com.br\/en\/wp-json\/wp\/v2\/media\/8142"}],"wp:attachment":[{"href":"https:\/\/qualiexpert.com.br\/en\/wp-json\/wp\/v2\/media?parent=7797"}],"curies":[{"name":"wp","href":"https:\/\/api.w.org\/{rel}","templated":true}]}}